{"id":1015,"date":"2018-10-09T13:54:23","date_gmt":"2018-10-09T13:54:23","guid":{"rendered":"https:\/\/pymes.dev\/calculador\/?page_id=1015"},"modified":"2019-12-03T18:39:30","modified_gmt":"2019-12-03T18:39:30","slug":"contacto","status":"publish","type":"page","link":"https:\/\/pymes.dev\/calculador\/contacto\/","title":{"rendered":"Contacto"},"content":{"rendered":"<section class=\"wpb-content-wrapper\"><p>[vc_section content_placement=\u00bbmiddle\u00bb css=\u00bb.vc_custom_1575398365370{margin-top: 0px !important;margin-bottom: 0px !important;padding-top: 0px !important;padding-bottom: 0px !important;background-color: #eff5f6 !important;}\u00bb][vc_row wrap_container=\u00bbyes\u00bb css=\u00bb.vc_custom_1575397623608{margin-top: -30px !important;margin-bottom: 0px !important;padding-top: 0px !important;padding-bottom: 0px !important;}\u00bb][vc_column width=\u00bb2\/3&#8243; css=\u00bb.vc_custom_1539094229548{margin-top: 0px !important;margin-bottom: 0px !important;padding-top: 60px !important;padding-right: 0px !important;padding-bottom: 60px !important;}\u00bb]<div id=\"ultimate-heading-236169e755a0cd752\" class=\"uvc-heading ult-adjust-bottom-margin ultimate-heading-236169e755a0cd752 uvc-2753 \" data-hspacer=\"no_spacer\"  data-halign=\"left\" style=\"text-align:left\"><div class=\"uvc-heading-spacer no_spacer\" style=\"top\"><\/div><div class=\"uvc-main-heading ult-responsive\"  data-ultimate-target='.uvc-heading.ultimate-heading-236169e755a0cd752 h2'  data-responsive-json-new='{\"font-size\":\"desktop:45px;\",\"line-height\":\"desktop:48px;\"}' ><h2 style=\"font-weight:bold;color:#2d2e83;margin-bottom:25px;\">Te llamamos gratis!<\/h2><\/div><div class=\"uvc-sub-heading ult-responsive\"  data-ultimate-target='.uvc-heading.ultimate-heading-236169e755a0cd752 .uvc-sub-heading '  data-responsive-json-new='{\"font-size\":\"desktop:22px;\",\"line-height\":\"desktop:24px;\"}'  style=\"font-weight:normal;color:#2d2e83;\">Env\u00edanos tu nombre y n\u00famero de tel\u00e9fono<br \/>\ny te contactaremos a la mayor brevedad.<\/p>\n<p>Nuestro horario de atenci\u00f3n es:<br \/>\n<strong>Lunes a Viernes de 9 a 20h.<\/strong><\/div><\/div>[\/vc_column][vc_column width=\u00bb1\/3&#8243; css=\u00bb.vc_custom_1544714948480{margin-bottom: 0px !important;padding-top: 30px !important;padding-right: 20px !important;padding-left: 20px !important;background-color: #031f73 !important;}\u00bb][vc_column_text el_class=\u00bbcontacto-pg\u00bb][contact-form-7 id=\u00bb1020&#8243; title=\u00bbContacto\u00bb][\/vc_column_text][\/vc_column][\/vc_row][\/vc_section]<\/p>\n<\/section>","protected":false},"excerpt":{"rendered":"<p>[vc_section content_placement=\u00bbmiddle\u00bb css=\u00bb.vc_custom_1575398365370{margin-top: 0px !important;margin-bottom: 0px !important;padding-top: 0px !important;padding-bottom: 0px !important;background-color: #eff5f6 !important;}\u00bb][vc_row wrap_container=\u00bbyes\u00bb css=\u00bb.vc_custom_1575397623608{margin-top: -30px !important;margin-bottom: 0px !important;padding-top: 0px !important;padding-bottom: 0px !important;}\u00bb][vc_column width=\u00bb2\/3&#8243; css=\u00bb.vc_custom_1539094229548{margin-top: 0px !important;margin-bottom: 0px !important;padding-top: 60px !important;padding-right: 0px !important;padding-bottom: 60px !important;}\u00bb][\/vc_column][vc_column width=\u00bb1\/3&#8243; css=\u00bb.vc_custom_1544714948480{margin-bottom: 0px !important;padding-top: 30px !important;padding-right: 20px !important;padding-left: 20px !important;background-color: #031f73 !important;}\u00bb][vc_column_text el_class=\u00bbcontacto-pg\u00bb][contact-form-7 id=\u00bb1020&#8243; title=\u00bbContacto\u00bb][\/vc_column_text][\/vc_column][\/vc_row][\/vc_section]<\/p>\n","protected":false},"author":2,"featured_media":0,"parent":0,"menu_order":0,"comment_status":"closed","ping_status":"closed","template":"","meta":{"footnotes":""},"class_list":["post-1015","page","type-page","status-publish","hentry"],"_links":{"self":[{"href":"https:\/\/pymes.dev\/calculador\/wp-json\/wp\/v2\/pages\/1015","targetHints":{"allow":["GET"]}}],"collection":[{"href":"https:\/\/pymes.dev\/calculador\/wp-json\/wp\/v2\/pages"}],"about":[{"href":"https:\/\/pymes.dev\/calculador\/wp-json\/wp\/v2\/types\/page"}],"author":[{"embeddable":true,"href":"https:\/\/pymes.dev\/calculador\/wp-json\/wp\/v2\/users\/2"}],"replies":[{"embeddable":true,"href":"https:\/\/pymes.dev\/calculador\/wp-json\/wp\/v2\/comments?post=1015"}],"version-history":[{"count":0,"href":"https:\/\/pymes.dev\/calculador\/wp-json\/wp\/v2\/pages\/1015\/revisions"}],"wp:attachment":[{"href":"https:\/\/pymes.dev\/calculador\/wp-json\/wp\/v2\/media?parent=1015"}],"curies":[{"name":"wp","href":"https:\/\/api.w.org\/{rel}","templated":true}]}}