{"id":841,"date":"2018-10-08T18:45:19","date_gmt":"2018-10-08T18:45:19","guid":{"rendered":"https:\/\/pymes.dev\/calculador\/?page_id=841"},"modified":"2019-12-03T18:38:58","modified_gmt":"2019-12-03T18:38:58","slug":"quienes-somos","status":"publish","type":"page","link":"https:\/\/pymes.dev\/calculador\/quienes-somos\/","title":{"rendered":"Quienes somos"},"content":{"rendered":"<section class=\"wpb-content-wrapper\"><p>[vc_row wrap_container=\u00bbyes\u00bb bg_type=\u00bbimage\u00bb parallax_style=\u00bbvcpb-default\u00bb bg_image_new=\u00bbid^1325|url^https:\/\/pymes.dev\/calculador\/wp-content\/uploads\/2018\/11\/seguros-mas-salud-correduria-seguros.jpg|caption^seguros mas salud correduria seguros|alt^seguros-mas-salud-correduria-seguros|title^seguros mas salud correduria seguros|description^seguros mas salud correduria seguros\u00bb bg_override=\u00bbex-full\u00bb css=\u00bb.vc_custom_1575398329764{margin-top: -30px !important;padding-top: 120px !important;padding-bottom: 120px !important;}\u00bb][vc_column]<h2 class=\"word-rotator slide short\" style=\"font-size:35px;line-height:40px;text-align:left;\" data-plugin-options=\"{'waittime': 2500, 'pauseOnHover': false}\"><span class=\"word-rotate-prefix\" style=\"color:#17018f;\">M\u00e1s de 20 a\u00f1os<\/span> <span class=\"word-rotator-items\" style=\"font-family:&#039;Open Sans&#039;;color:#0188cc;\"><b class=\"active\">protegiendo<\/b><b>asegurando<\/b><b>cuidando<\/b><\/span><\/h2><h2 class=\"word-rotator slide  vc_custom_1541757124782 short\" style=\"font-size:35px;text-align:left;\" data-plugin-options=\"{'waittime': 2500, 'pauseOnHover': false}\"><span class=\"word-rotate-prefix\" style=\"color:#17018f;\">a todos nuestros clientes<\/span> <span class=\"word-rotator-items\" style=\"font-family:&#039;Open Sans&#039;;color:#0088cc;\"><b class=\"active\">incredibly<\/b><b>respecially<\/b><\/span><\/h2>[vc_empty_space height=\u00bb50px\u00bb]<div class=\" ubtn-ctn-left \"><a class=\"ubtn-link ult-adjust-bottom-margin ubtn-left ubtn-small \" href=\"#conocenos\" ><button type=\"button\" id=\"ubtn-9781\"  class=\"ubtn ult-adjust-bottom-margin ult-responsive ubtn-small ubtn-no-hover-bg  none  ubtn-sep-icon ubtn-sep-icon-at-right  ubtn-left   tooltip-69e7555d9ddda\"  data-hover=\"#ffffff\" data-border-color=\"#17018f\" data-bg=\"\" data-hover-bg=\"#17018f\" data-border-hover=\"\" data-shadow-hover=\"\" data-shadow-click=\"none\" data-shadow=\"\" data-shd-shadow=\"\"  data-ultimate-target='#ubtn-9781'  data-responsive-json-new='{\"font-size\":\"desktop:15px;\",\"line-height\":\"desktop:24px;\"}'  style=\"font-weight:normal;border-radius:30px;border-width:2px;border-color:#17018f;border-style:solid;color: #17018f;\"><span class=\"ubtn-data ubtn-icon\"><i class=\"Defaults-angle-right\" style=\"font-size:32px;color:#17018f;\"><\/i><\/span><span class=\"ubtn-hover\" style=\"background-color:#17018f\"><\/span><span class=\"ubtn-data ubtn-text \" >Con\u00f3cenos<\/span><\/button><\/a><\/div>[\/vc_column][\/vc_row][vc_section content_placement=\u00bbmiddle\u00bb][vc_row wrap_container=\u00bbyes\u00bb section_skin=\u00bbparallax\u00bb remove_border=\u00bbyes\u00bb css=\u00bb.vc_custom_1539699938542{padding-top: 15px !important;padding-bottom: 0px !important;}\u00bb][vc_column section_skin=\u00bbparallax\u00bb remove_border=\u00bbyes\u00bb css=\u00bb.vc_custom_1539034578538{border-top-width: 0px !important;}\u00bb]<div id=\"ult-carousel-254131780269e7555d9df72\" class=\"ult-carousel-wrapper  vc_custom_1541767254995  ult_horizontal\" data-gutter=\"15\" data-rtl=\"false\" ><div class=\"ult-carousel-59079584069e7555d9de69 \" >[vc_single_image image=\u00bb1362&#8243; img_size=\u00bbfull\u00bb alignment=\u00bbcenter\u00bb][vc_single_image image=\u00bb1356&#8243; img_size=\u00bbfull\u00bb alignment=\u00bbcenter\u00bb][vc_single_image image=\u00bb1358&#8243; img_size=\u00bbfull\u00bb alignment=\u00bbcenter\u00bb][vc_single_image image=\u00bb1359&#8243; img_size=\u00bbfull\u00bb alignment=\u00bbcenter\u00bb][vc_single_image image=\u00bb1361&#8243; img_size=\u00bbfull\u00bb alignment=\u00bbcenter\u00bb][vc_single_image image=\u00bb1363&#8243; img_size=\u00bbfull\u00bb alignment=\u00bbcenter\u00bb][vc_single_image image=\u00bb1355&#8243; img_size=\u00bbfull\u00bb alignment=\u00bbcenter\u00bb][vc_single_image image=\u00bb1357&#8243; img_size=\u00bbfull\u00bb alignment=\u00bbcenter\u00bb][vc_single_image image=\u00bb1364&#8243; img_size=\u00bbfull\u00bb alignment=\u00bbcenter\u00bb][vc_single_image image=\u00bb1354&#8243; img_size=\u00bbfull\u00bb alignment=\u00bbcenter\u00bb][vc_single_image image=\u00bb1360&#8243; img_size=\u00bbfull\u00bb alignment=\u00bbcenter\u00bb]<\/div><\/div>\t\t\t<script type=\"text\/javascript\">\n\t\t\t\tjQuery(document).ready(function ($) {\n\t\t\t\t\tif( typeof jQuery('.ult-carousel-59079584069e7555d9de69').slick == \"function\"){\n\t\t\t\t\t\t$('.ult-carousel-59079584069e7555d9de69').slick({dots: false,autoplay: true,autoplaySpeed: 3000,speed: 500,infinite: true,arrows: false,slidesToScroll:1,slidesToShow:7,swipe: true,draggable: true,touchMove: true,pauseOnHover: true,pauseOnFocus: false,responsive: [\n\t\t\t\t\t\t\t{\n\t\t\t\t\t\t\t  breakpoint: 1026,\n\t\t\t\t\t\t\t  settings: {\n\t\t\t\t\t\t\t\tslidesToShow: 7,\n\t\t\t\t\t\t\t\tslidesToScroll: 1,  \n\t\t\t\t\t\t\t  }\n\t\t\t\t\t\t\t},\n\t\t\t\t\t\t\t{\n\t\t\t\t\t\t\t  breakpoint: 1025,\n\t\t\t\t\t\t\t  settings: {\n\t\t\t\t\t\t\t\tslidesToShow: 3,\n\t\t\t\t\t\t\t\tslidesToScroll: 1\n\t\t\t\t\t\t\t  }\n\t\t\t\t\t\t\t},\n\t\t\t\t\t\t\t{\n\t\t\t\t\t\t\t  breakpoint: 760,\n\t\t\t\t\t\t\t  settings: {\n\t\t\t\t\t\t\t\tslidesToShow: 2,\n\t\t\t\t\t\t\t\tslidesToScroll: 1\n\t\t\t\t\t\t\t  }\n\t\t\t\t\t\t\t}\n\t\t\t\t\t\t],pauseOnDotsHover: true,customPaging: function(slider, i) {\n                   return '<i type=\"button\" style= \"color:#333333;\" class=\"ultsl-record\" data-role=\"none\"><\/i>';\n                },});\n\t\t\t\t\t}\n\t\t\t\t});\n\t\t\t<\/script>\n\t\t\t[\/vc_column][\/vc_row][\/vc_section][vc_row wrap_container=\u00bbyes\u00bb css=\u00bb.vc_custom_1543987502654{padding-top: 50px !important;}\u00bb el_id=\u00bbconocenos\u00bb][vc_column offset=\u00bbvc_col-md-10 vc_col-xs-12&#8243;][vc_custom_heading text=\u00bbPor qu\u00e9 elegir a <strong>+SALUD<\/strong>\u00bb font_container=\u00bbtag:h3|text_align:left|color:%2317018f\u00bb use_theme_fonts=\u00bbyes\u00bb][vc_empty_space height=\u00bb10px\u00bb][vc_column_text el_class=\u00bbfeatured lead\u00bb]<span style=\"color: #000080;\">Somos una <strong>corredur\u00eda de seguros especializada en seguros de salud, vida y decesos<\/strong>. Te ofrecemos el mejor precio del mercado, y te asesoramos para contratar los seguros que realmente necesitas.<\/span>[\/vc_column_text][\/vc_column][vc_column offset=\u00bbvc_col-md-2 vc_col-xs-12&#8243; el_class=\u00bbpush-top\u00bb][\/vc_column][\/vc_row][vc_row wrap_container=\u00bbyes\u00bb css=\u00bb.vc_custom_1543987399558{padding-top: 35px !important;}\u00bb][vc_column]<div class=\"porto-history wpb_content_element \" data-appear-animation=\"fadeInUp\"><div class=\"thumb\"><img loading=\"lazy\" decoding=\"async\" class=\"\" src=\"https:\/\/pymes.dev\/calculador\/wp-content\/uploads\/2018\/12\/Corredur\u00eda-de-Seguros-Aico-145x145.png\" width=\"145\" height=\"145\" alt=\"Corredur\u00eda-de-Seguros-Aico\" title=\"Corredur\u00eda de Seguros Aico\" \/><\/div><div class=\"featured-box\"><div class=\"box-content\"><h3><span style=\"color: #0188cc; font-size: 18px;\"><strong>PERTENECEMOS AL GRUPO AICO<\/strong><\/span><\/h3>\n<p>+ Salud es una correduria de seguros especializada en seguros de salud, vida y decesos, pertenecemos al Grupo Aico inscrita en el Registro Especial Administrativo de Mediadores de Seguros, Corredur\u00edas de Seguros y sus Altos Cargos de la Direcci\u00f3n General de Seguros y Fondos de Pensiones con el n\u00famero J-2561 de mediaci\u00f3n de seguros.<\/p>\n<\/div><\/div><\/div><div class=\"porto-history wpb_content_element \" data-appear-animation=\"fadeInUp\"><div class=\"thumb\"><img loading=\"lazy\" decoding=\"async\" class=\"\" src=\"https:\/\/pymes.dev\/calculador\/wp-content\/uploads\/2018\/12\/mejores-coberturas-seguros-145x145.jpg\" width=\"145\" height=\"145\" alt=\"mejores-coberturas-seguros\" title=\"mejores coberturas seguros\" \/><\/div><div class=\"featured-box\"><div class=\"box-content\"><h3><span style=\"color: #0188cc; font-size: 18px;\"><strong>MEJORES PRECIOS Y COBERTURAS<\/strong><\/span><\/h3>\n<p>Trabajamos con las principales aseguradoras ,por nuestro elevado volumen de facturaci\u00f3n tenemos acuerdos espec\u00edficos para poder ofrecer precios y coberturas sin competencia,<\/p>\n<\/div><\/div><\/div><div class=\"porto-history wpb_content_element \" data-appear-animation=\"fadeInUp\"><div class=\"thumb\"><img loading=\"lazy\" decoding=\"async\" class=\"\" src=\"https:\/\/pymes.dev\/calculador\/wp-content\/uploads\/2018\/12\/especialistas-en-seguros-145x145.jpg\" width=\"145\" height=\"145\" alt=\"especialistas-en-seguros\" title=\"especialistas en seguros\" \/><\/div><div class=\"featured-box\"><div class=\"box-content\"><h3><span style=\"color: #0188cc; font-size: 18px;\"><strong>ESPECIALIZADOS EN SEGUROS<\/strong><\/span><\/h3>\n<p>Nuestro equipo de profesionales te asesorar\u00e1 personalmente para resolver cualquier duda que tengas y te sobre te orientar\u00e1 hacia el seguro que realmente necesitas contratar.<\/p>\n<\/div><\/div><\/div>[\/vc_column][\/vc_row][vc_section content_placement=\u00bbmiddle\u00bb css=\u00bb.vc_custom_1542872697061{margin-top: 0px !important;margin-bottom: 0px !important;background-position: center !important;background-repeat: no-repeat !important;background-size: cover !important;}\u00bb][vc_row wrap_container=\u00bbyes\u00bb css=\u00bb.vc_custom_1542872709028{margin-top: 0px !important;margin-bottom: 0px !important;padding-top: 75px !important;padding-bottom: 75px !important;}\u00bb][vc_column css=\u00bb.vc_custom_1539034874493{margin-top: 0px !important;margin-bottom: 0px !important;padding-top: 0px !important;padding-bottom: 0px !important;}\u00bb]<div id=\"ultimate-heading-49769e7555d9f65c\" class=\"uvc-heading ult-adjust-bottom-margin ultimate-heading-49769e7555d9f65c uvc-4768 \" data-hspacer=\"no_spacer\"  data-halign=\"center\" style=\"text-align:center\"><div class=\"uvc-heading-spacer no_spacer\" style=\"top\"><\/div><div class=\"uvc-main-heading ult-responsive\"  data-ultimate-target='.uvc-heading.ultimate-heading-49769e7555d9f65c h2'  data-responsive-json-new='{\"font-size\":\"desktop:34px;\",\"line-height\":\"desktop:48px;\"}' ><h2 style=\"font-weight:normal;color:#2d2e83;margin-bottom:10px;\">Opiniones de nuestros clientes<\/h2><\/div><\/div>[vc_single_image image=\u00bb938&#8243; img_size=\u00bbfull\u00bb alignment=\u00bbcenter\u00bb css=\u00bb.vc_custom_1539037295198{margin-bottom: 10px !important;padding-bottom: 0px !important;}\u00bb][vc_row_inner css=\u00bb.vc_custom_1539620109468{padding-top: 20px !important;}\u00bb][vc_column_inner width=\u00bb1\/6&#8243;][\/vc_column_inner][vc_column_inner width=\u00bb2\/3&#8243;]<div class=\"porto-carousel owl-carousel has-ccols has-ccols-spacing ccols-1 stage-margin wpb_custom_70a89e142ccf56dcd4c7bfc4b40db368 nav-inside nav-inside-center\" data-plugin-options=\"{&quot;stagePadding&quot;:40,&quot;margin&quot;:10,&quot;autoplay&quot;:false,&quot;mouseDrag&quot;:true,&quot;touchDrag&quot;:true,&quot;autoplayTimeout&quot;:5000,&quot;autoplayHoverPause&quot;:false,&quot;items&quot;:1,&quot;lg&quot;:1,&quot;md&quot;:1,&quot;sm&quot;:1,&quot;xs&quot;:1,&quot;nav&quot;:false,&quot;dots&quot;:&quot;yes&quot;,&quot;animateIn&quot;:&quot;&quot;,&quot;animateOut&quot;:&quot;&quot;,&quot;loop&quot;:&quot;yes&quot;,&quot;center&quot;:false,&quot;video&quot;:false,&quot;lazyLoad&quot;:false,&quot;fullscreen&quot;:false}\"><div class=\"porto-testimonial wpb_content_element   wpb_custom_4760b66c0cbf51ec9a7673f3785bca75\"><div class=\"testimonial\"><blockquote><p>Necesitaba contratar un seguro de salud sin copago y con un buen cuadro m\u00e9dico en Madrid, por lo que acud\u00ed a +SALUD, quienes me ayudaron a elegir la mejor compa\u00f1\u00eda con las mejores cobertura.<\/p><\/blockquote><div class=\"testimonial-arrow-down\"><\/div><div class=\"testimonial-author\"><div class=\"testimonial-author-thumbnail\"><img loading=\"lazy\" decoding=\"async\" src=\"https:\/\/pymes.dev\/calculador\/wp-content\/uploads\/2018\/10\/mujer-feliz.jpg\" alt=\"Natalia\" class=\"img-circle\" width=\"150\" height=\"150\"><\/div><p><strong>Natalia<\/strong><span>Contrat\u00f3 un seguro de Salud en Madrid<\/span><\/p><\/div><\/div><\/div><div class=\"porto-testimonial wpb_content_element   wpb_custom_4760b66c0cbf51ec9a7673f3785bca75\"><div class=\"testimonial\"><blockquote><p>Un amigo me recomend\u00f3 +SALUD, ya que estaba buscando la mejor p\u00f3liza de seguros para ni\u00f1os. En una sola llamada me dieron a conocer una amplia gama de opciones y me ayudaron a elegir el mejor seguro de salud.<\/p><\/blockquote><div class=\"testimonial-arrow-down\"><\/div><div class=\"testimonial-author\"><div class=\"testimonial-author-thumbnail\"><img loading=\"lazy\" decoding=\"async\" src=\"https:\/\/pymes.dev\/calculador\/wp-content\/uploads\/2018\/10\/mujer-feliz.jpg\" alt=\"Manuel Coto\" class=\"img-circle\" width=\"150\" height=\"150\"><\/div><p><strong>Manuel Coto<\/strong><span>Contrat\u00f3 seguros de salud en M\u00e1laga<\/span><\/p><\/div><\/div><\/div><div class=\"porto-testimonial wpb_content_element   wpb_custom_4760b66c0cbf51ec9a7673f3785bca75\"><div class=\"testimonial\"><blockquote><p>Los mejores precios en seguros de salud. Llevo varios a\u00f1os contratando sus servicios y me han ayudado a elegir las mejores p\u00f3lizas de seguro de salud y las mejores coberturas del mercado.<\/p><\/blockquote><div class=\"testimonial-arrow-down\"><\/div><div class=\"testimonial-author\"><div class=\"testimonial-author-thumbnail\"><img loading=\"lazy\" decoding=\"async\" src=\"https:\/\/pymes.dev\/calculador\/wp-content\/uploads\/2018\/10\/mujer-feliz.jpg\" alt=\"Martina L\u00f3pez\" class=\"img-circle\" width=\"150\" height=\"150\"><\/div><p><strong>Martina L\u00f3pez<\/strong><span>Contrat\u00f3 seguros de salud en Sevilla<\/span><\/p><\/div><\/div><\/div><div class=\"porto-testimonial wpb_content_element   wpb_custom_4760b66c0cbf51ec9a7673f3785bca75\"><div class=\"testimonial\"><blockquote><p>Bajo mi punto de vista y la experiencia que he obtenido mediante la contrataci\u00f3n de seguros,\u00a0 los servicios y coberturas que ofrece +SALUD son excelentes, y las aseguradoras con las que trabajan son las mejores del mercado.<\/p><\/blockquote><div class=\"testimonial-arrow-down\"><\/div><div class=\"testimonial-author\"><div class=\"testimonial-author-thumbnail\"><img loading=\"lazy\" decoding=\"async\" src=\"https:\/\/pymes.dev\/calculador\/wp-content\/uploads\/2018\/10\/mujer-feliz.jpg\" alt=\"Jaime Sanjorge\" class=\"img-circle\" width=\"150\" height=\"150\"><\/div><p><strong>Jaime Sanjorge<\/strong><span>Contrat\u00f3 seguros de salud en M\u00e1laga<\/span><\/p><\/div><\/div><\/div><div class=\"porto-testimonial wpb_content_element   wpb_custom_4760b66c0cbf51ec9a7673f3785bca75\"><div class=\"testimonial\"><blockquote><p>Ya he tenido la oportunidad de medir la efectividad de las p\u00f3lizas de seguros de salud que ofrece +SALUD, y la verdad he quedado totalmente satisfecha con la calidad de los servicios sanitarios.<\/p><\/blockquote><div class=\"testimonial-arrow-down\"><\/div><div class=\"testimonial-author\"><div class=\"testimonial-author-thumbnail\"><img loading=\"lazy\" decoding=\"async\" src=\"https:\/\/pymes.dev\/calculador\/wp-content\/uploads\/2018\/10\/mujer-feliz.jpg\" alt=\"Olga Rey\" class=\"img-circle\" width=\"150\" height=\"150\"><\/div><p><strong>Olga Rey<\/strong><span>Contrat\u00f3 seguros de salud en Bacelona<\/span><\/p><\/div><\/div><\/div><div class=\"porto-testimonial wpb_content_element   wpb_custom_4760b66c0cbf51ec9a7673f3785bca75\"><div class=\"testimonial\"><blockquote><p>He sido bastante minucioso evaluando los seguros de salud que ofrece +SALUD, no s\u00f3lo me fij\u00e9 en la existencia de copagos, sino adem\u00e1s en la existencia de periodos de carencia, coberturas y servicios ofertados. De todas las que he evaluado, ha sido la mejor con diferencia.<\/p><\/blockquote><div class=\"testimonial-arrow-down\"><\/div><div class=\"testimonial-author\"><div class=\"testimonial-author-thumbnail\"><img loading=\"lazy\" decoding=\"async\" src=\"https:\/\/pymes.dev\/calculador\/wp-content\/uploads\/2018\/10\/mujer-feliz.jpg\" alt=\"Javier Orgeira\" class=\"img-circle\" width=\"150\" height=\"150\"><\/div><p><strong>Javier Orgeira<\/strong><span>Contrat\u00f3 seguros de salud en Madrid<\/span><\/p><\/div><\/div><\/div><\/div>[\/vc_column_inner][vc_column_inner width=\u00bb1\/6&#8243;][\/vc_column_inner][\/vc_row_inner][vc_column_text]<\/p>\n<div class=\"rating-row\">\n<h4 class=\"rating-text\" style=\"text-align: center;\">Ver m\u00e1s opiniones reales en <a href=\"https:\/\/www.google.es\/search?client=opera&amp;hs=emn&amp;ei=3LzEW-jzNYHVsAH__J3QAQ&amp;q=google+bussines&amp;oq=google+bussines&amp;gs_l=psy-ab.3..0i10k1l4j0i10i203k1l2j0i203k1j0i10i203k1l2j0i10k1.4710.7629.0.7720.19.14.1.0.0.0.260.1583.0j5j3.8.0....0...1c.1.64.psy-ab..11.8.1411...0j35i39k1j0i131i67k1j0i131k1.0.51Cyvl6PxWc\" target=\"_blank\" rel=\"noopener noreferrer\">Google Bussines<\/a><\/h4>\n<\/div>\n<p>[\/vc_column_text][\/vc_column][\/vc_row][vc_row css=\u00bb.vc_custom_1542872829700{padding-bottom: 50px !important;}\u00bb][vc_column][vc_column_text]<\/p>\n<p style=\"text-align: center;\"><span style=\"font-size: 20px; color: #2d2e83;\"><u>Mejor precio Garantizado! Sin renunciar a coberturas.<\/u><\/span><\/p>\n<p>[\/vc_column_text]<div class=\" ubtn-ctn-center \"><a class=\"ubtn-link ult-adjust-bottom-margin ubtn-center ubtn-small \" href=\"https:\/\/pymes.dev\/calculador\/seguros\/\" ><button type=\"button\" id=\"ubtn-7037\"  class=\"ubtn ult-adjust-bottom-margin ult-responsive ubtn-small ubtn-no-hover-bg  none  ubtn-sep-icon ubtn-sep-icon-at-right  ubtn-center   tooltip-69e7555da1031\"  data-hover=\"#ffffff\" data-border-color=\"\" data-bg=\"#ff0000\" data-hover-bg=\"#c60000\" data-border-hover=\"\" data-shadow-hover=\"\" data-shadow-click=\"none\" data-shadow=\"\" data-shd-shadow=\"\"  data-ultimate-target='#ubtn-7037'  data-responsive-json-new='{\"font-size\":\"desktop:17px;\",\"line-height\":\"desktop:35px;\"}'  style=\"font-weight:bold;border-radius:25px;border-width:1px;border-color:;border-style:solid;background: #ff0000;color: #ffffff;\"><span class=\"ubtn-data ubtn-icon\"><i class=\"Defaults-angle-right\" style=\"font-size:32px;color:#ffffff;\"><\/i><\/span><span class=\"ubtn-hover\" style=\"background-color:#c60000\"><\/span><span class=\"ubtn-data ubtn-text \" >Calcula tu seguro!<\/span><\/button><\/a><\/div>[\/vc_column][\/vc_row][\/vc_section]<\/p>\n<\/section>","protected":false},"excerpt":{"rendered":"<p>[vc_row wrap_container=\u00bbyes\u00bb bg_type=\u00bbimage\u00bb parallax_style=\u00bbvcpb-default\u00bb bg_image_new=\u00bbid^1325|url^https:\/\/pymes.dev\/calculador\/wp-content\/uploads\/2018\/11\/seguros-mas-salud-correduria-seguros.jpg|caption^seguros mas salud correduria seguros|alt^seguros-mas-salud-correduria-seguros|title^seguros mas salud correduria seguros|description^seguros mas salud correduria seguros\u00bb bg_override=\u00bbex-full\u00bb css=\u00bb.vc_custom_1575398329764{margin-top: -30px !important;padding-top: 120px !important;padding-bottom: 120px !important;}\u00bb][vc_column][vc_empty_space height=\u00bb50px\u00bb][\/vc_column][\/vc_row][vc_section content_placement=\u00bbmiddle\u00bb][vc_row wrap_container=\u00bbyes\u00bb section_skin=\u00bbparallax\u00bb remove_border=\u00bbyes\u00bb css=\u00bb.vc_custom_1539699938542{padding-top: 15px !important;padding-bottom: 0px !important;}\u00bb][vc_column section_skin=\u00bbparallax\u00bb remove_border=\u00bbyes\u00bb css=\u00bb.vc_custom_1539034578538{border-top-width: 0px !important;}\u00bb][\/vc_column][\/vc_row][\/vc_section][vc_row wrap_container=\u00bbyes\u00bb css=\u00bb.vc_custom_1543987502654{padding-top: 50px !important;}\u00bb el_id=\u00bbconocenos\u00bb][vc_column offset=\u00bbvc_col-md-10 vc_col-xs-12&#8243;][vc_custom_heading text=\u00bbPor qu\u00e9 elegir a +SALUD\u00bb font_container=\u00bbtag:h3|text_align:left|color:%2317018f\u00bb use_theme_fonts=\u00bbyes\u00bb][vc_empty_space height=\u00bb10px\u00bb][vc_column_text [&hellip;]<\/p>\n","protected":false},"author":2,"featured_media":0,"parent":0,"menu_order":0,"comment_status":"closed","ping_status":"closed","template":"","meta":{"footnotes":""},"class_list":["post-841","page","type-page","status-publish","hentry"],"_links":{"self":[{"href":"https:\/\/pymes.dev\/calculador\/wp-json\/wp\/v2\/pages\/841","targetHints":{"allow":["GET"]}}],"collection":[{"href":"https:\/\/pymes.dev\/calculador\/wp-json\/wp\/v2\/pages"}],"about":[{"href":"https:\/\/pymes.dev\/calculador\/wp-json\/wp\/v2\/types\/page"}],"author":[{"embeddable":true,"href":"https:\/\/pymes.dev\/calculador\/wp-json\/wp\/v2\/users\/2"}],"replies":[{"embeddable":true,"href":"https:\/\/pymes.dev\/calculador\/wp-json\/wp\/v2\/comments?post=841"}],"version-history":[{"count":0,"href":"https:\/\/pymes.dev\/calculador\/wp-json\/wp\/v2\/pages\/841\/revisions"}],"wp:attachment":[{"href":"https:\/\/pymes.dev\/calculador\/wp-json\/wp\/v2\/media?parent=841"}],"curies":[{"name":"wp","href":"https:\/\/api.w.org\/{rel}","templated":true}]}}